{"id":1346,"date":"2021-11-03T03:40:59","date_gmt":"2021-11-03T00:40:59","guid":{"rendered":"https:\/\/www.realestetik.com\/?page_id=1346"},"modified":"2022-09-19T21:01:31","modified_gmt":"2022-09-19T18:01:31","slug":"gesundheitstourismus-in-der-turkei","status":"publish","type":"page","link":"https:\/\/www.realestetik.com\/de\/gesundheitstourismus-in-der-turkei\/","title":{"rendered":"Gesundheitstourismus in der T\u00fcrkei"},"content":{"rendered":"<p><div class=\"fusion-fullwidth fullwidth-box fusion-builder-row-1 nonhundred-percent-fullwidth non-hundred-percent-height-scrolling\" style=\"background-color: rgba(255,255,255,0);background-position: left top;background-repeat: repeat;padding-top:0px;padding-right:0px;padding-bottom:0px;padding-left:0px;margin-bottom: 0px;margin-top: -140px;border-width: 0px 0px 0px 0px;border-color:#eaeaea;border-style:solid;\" ><div class=\"fusion-builder-row fusion-row\"><div class=\"fusion-layout-column fusion_builder_column fusion-builder-column-0 fusion_builder_column_1_1 1_1 fusion-one-full fusion-column-first fusion-column-last\" style=\"margin-top:0px;margin-bottom:20px;\"><div class=\"fusion-column-wrapper fusion-column-has-shadow fusion-flex-column-wrapper-legacy\" style=\"background-position:left top;background-repeat:no-repeat;-webkit-background-size:cover;-moz-background-size:cover;-o-background-size:cover;background-size:cover;border-radius:10px 10px 10px 10px;background-color:#ffffff;border-width: 6px 0 0 0;border-color:#ff9800;border-style:solid;border-radius:10px 10px 10px 10px;overflow:hidden;box-shadow:0px 25px 20px 0px #000000;;padding: 40px 40px 40px 40px;\"><div class=\"fusion-sep-clear\"><\/div><div class=\"fusion-separator fusion-full-width-sep\" style=\"margin-left: auto;margin-right: auto;margin-top:20px;width:100%;\"><div class=\"fusion-separator-border sep-double\" style=\"border-color:#eaeaea;border-top-width:0px;border-bottom-width:0px;\"><\/div><\/div><div class=\"fusion-sep-clear\"><\/div><div class=\"fusion-builder-row fusion-builder-row-inner fusion-row\"><div class=\"fusion-layout-column fusion_builder_column_inner fusion-builder-nested-column-0 fusion_builder_column_inner_1_3 1_3 fusion-one-third fusion-column-first fusion-column-no-min-height\" style=\"width:33.333333333333%;width:calc(33.333333333333% - ( ( 4% ) * 0.33333333333333 ) );margin-right: 4%;margin-top:0px;margin-bottom:20px;\"><div class=\"fusion-column-wrapper fusion-flex-column-wrapper-legacy\" style=\"background-position:left top;background-repeat:no-repeat;-webkit-background-size:cover;-moz-background-size:cover;-o-background-size:cover;background-size:cover;background-color:#d3d3d3;padding: 0px 0px 0px 0px;\"><div class=\"imageframe-align-center\"><span class=\" fusion-imageframe imageframe-none imageframe-1 hover-type-zoomin fusion-animated\" style=\"border:4px solid #eaeaea;\" data-animationType=\"fadeInUp\" data-animationDuration=\"0.6\" data-animationOffset=\"100%\"><img decoding=\"async\" width=\"500\" height=\"500\" title=\"\u00c4sthetik in der T\u00fcrkei\" src=\"https:\/\/www.realestetik.com\/de\/wp-content\/uploads\/2022\/09\/Asthetik-in-der-Turkei.png\" class=\"img-responsive wp-image-1398\" srcset=\"https:\/\/www.realestetik.com\/de\/wp-content\/uploads\/2022\/09\/Asthetik-in-der-Turkei-200x200.png 200w, https:\/\/www.realestetik.com\/de\/wp-content\/uploads\/2022\/09\/Asthetik-in-der-Turkei-400x400.png 400w, https:\/\/www.realestetik.com\/de\/wp-content\/uploads\/2022\/09\/Asthetik-in-der-Turkei.png 500w\" sizes=\"(max-width: 800px) 100vw, 400px\" \/><\/span><\/div><div class=\"fusion-clearfix\"><\/div><\/div><\/div><div class=\"fusion-layout-column fusion_builder_column_inner fusion-builder-nested-column-1 fusion_builder_column_inner_2_3 2_3 fusion-two-third fusion-column-last fusion-column-no-min-height\" style=\"width:66.666666666667%;width:calc(66.666666666667% - ( ( 4% ) * 0.66666666666667 ) );margin-top:0px;margin-bottom:20px;\"><div class=\"fusion-column-wrapper fusion-flex-column-wrapper-legacy\" style=\"background-position:left top;background-repeat:no-repeat;-webkit-background-size:cover;-moz-background-size:cover;-o-background-size:cover;background-size:cover;padding: 0px 0px 0px 0px;\"><div class=\"fusion-sep-clear\"><\/div><div class=\"fusion-separator fusion-no-large-visibility fusion-full-width-sep\" style=\"margin-left: auto;margin-right: auto;margin-top:40px;width:100%;\"><div class=\"fusion-separator-border sep-double\" style=\"border-color:#eaeaea;border-top-width:1px;border-bottom-width:1px;\"><\/div><\/div><div class=\"fusion-sep-clear\"><\/div><style type=\"text\/css\"><\/style><div class=\"fusion-title title fusion-title-1 fusion-sep-none fusion-title-center fusion-title-text fusion-title-size-two\" style=\"font-size:31px;margin-top:0%;margin-bottom:30px;\"><h2 class=\"title-heading-center\" style=\"margin:0;font-size:1em;\"><b>Gesundheitstourismus in der T\u00fcrkei<\/b><\/h2><\/div><div class=\"fusion-text fusion-text-1\" style=\"transform:translate3d(0,0,0);\"><p>Real Aesthetics wurde gegr\u00fcndet, um denjenigen, die allgemeine Gesundheitsprobleme im Rahmen des Gesundheitstourismus haben oder die aus rein \u00e4sthetischen Gr\u00fcnden Gesundheitsdienstleistungen in der T\u00fcrkei erhalten m\u00f6chten, einen schnellen, zuverl\u00e4ssigen, wirtschaftlichen, professionellen und zufriedenheitsorientierten Service zu bieten. Im Rahmen des Gesundheitstourismus erleichtern wir allen den Zugang zu Gesundheitsleistungen, unabh\u00e4ngig von ihrer ethnischen Herkunft, im In- oder Ausland lebend.<\/p>\n<p>Es ist unsere Priorit\u00e4t, in unserem Bereich etwas zu bewegen und ein Referenzunternehmen f\u00fcr Gesundheitstourismus zu sein, indem wir uns bem\u00fchen, alle Probleme zu beseitigen, mit denen diejenigen, die sich vor uns um Gesundheits- und Sch\u00f6nheitsdienstleistungen in der T\u00fcrkei bewerben, M\u00e4ngel und Negativit\u00e4ten erfahren. Solange wir dienen, ist es unsere Priorit\u00e4t, unser Land und unser Gesundheitssystem bestm\u00f6glich vorzustellen und zu 100% zufrieden zu stellen.<\/p>\n<\/div><div class=\"fusion-sep-clear\"><\/div><div class=\"fusion-separator fusion-full-width-sep\" style=\"margin-left: auto;margin-right: auto;margin-top:58px;width:100%;\"><div class=\"fusion-separator-border sep-double\" style=\"border-color:#eaeaea;border-top-width:0px;border-bottom-width:0px;\"><\/div><\/div><div class=\"fusion-sep-clear\"><\/div><div class=\"fusion-clearfix\"><\/div><\/div><\/div><\/div><div class=\"fusion-sep-clear\"><\/div><div class=\"fusion-separator fusion-full-width-sep\" style=\"margin-left: auto;margin-right: auto;margin-top:50px;width:100%;\"><div class=\"fusion-separator-border sep-double\" style=\"border-color:#eaeaea;border-top-width:0px;border-bottom-width:0px;\"><\/div><\/div><div class=\"fusion-sep-clear\"><\/div><div class=\"fusion-clearfix\"><\/div><\/div><\/div><\/div><\/div><div class=\"fusion-fullwidth fullwidth-box fusion-builder-row-2 nonhundred-percent-fullwidth non-hundred-percent-height-scrolling\" style=\"background-color: rgba(255,255,255,0);background-position: center center;background-repeat: no-repeat;padding-top:0px;padding-right:0px;padding-bottom:0px;padding-left:0px;margin-bottom: 0px;margin-top: 0px;border-width: 0px 0px 0px 0px;border-color:#eaeaea;border-style:solid;\" ><div class=\"fusion-builder-row fusion-row\"><div class=\"fusion-layout-column fusion_builder_column fusion-builder-column-1 fusion_builder_column_1_1 1_1 fusion-one-full fusion-column-first fusion-column-last\" style=\"margin-top:0px;margin-bottom:20px;\"><div class=\"fusion-column-wrapper fusion-flex-column-wrapper-legacy\" style=\"background-position:left top;background-repeat:no-repeat;-webkit-background-size:cover;-moz-background-size:cover;-o-background-size:cover;background-size:cover;padding: 0px 0px 0px 0px;\"><div class=\"fusion-sep-clear\"><\/div><div class=\"fusion-separator fusion-full-width-sep\" style=\"margin-left: auto;margin-right: auto;margin-bottom:80px;width:100%;\"><div class=\"fusion-separator-border sep-double\" style=\"border-color:#eaeaea;border-top-width:0px;border-bottom-width:0px;\"><\/div><\/div><div class=\"fusion-sep-clear\"><\/div><style type=\"text\/css\"><\/style><div class=\"fusion-title title fusion-title-2 fusion-title-center fusion-title-text fusion-title-size-two\" style=\"font-size:24px;margin-top:0%;margin-bottom:30px;\"><div class=\"title-sep-container title-sep-container-left\"><div class=\"title-sep sep-single sep-solid\" style=\"border-color:#eaeaea;\"><\/div><\/div><h2 class=\"title-heading-center\" style=\"margin:0;font-size:1em;\"><strong>Unsere gesundheit touristischen Dienstleistungen<\/strong><\/h2><div class=\"title-sep-container title-sep-container-right\"><div class=\"title-sep sep-single sep-solid\" style=\"border-color:#eaeaea;\"><\/div><\/div><\/div><div class=\"fusion-clearfix\"><\/div><\/div><\/div><div class=\"fusion-layout-column fusion_builder_column fusion-builder-column-2 fusion_builder_column_1_3 1_3 fusion-one-third fusion-column-first fusion-column-no-min-height fusion-animated\" style=\"width:33.333333333333%;width:calc(33.333333333333% - ( ( 10px + 10px ) * 0.33333333333333 ) );margin-right: 10px;margin-top:0px;margin-bottom:20px;\" data-animationType=\"slideInLeft\" data-animationDuration=\"1.0\" data-animationOffset=\"100%\"><div class=\"fusion-column-wrapper fusion-column-has-shadow fusion-flex-column-wrapper-legacy\" style=\"background-position:left top;background-repeat:no-repeat;-webkit-background-size:cover;-moz-background-size:cover;-o-background-size:cover;background-size:cover;border-radius:10px 10px 10px 10px;background-color:#ffffff;border-width: 6px 0 0 0;border-color:#ff9800;border-style:solid;border-radius:10px 10px 10px 10px;overflow:hidden;box-shadow:0px 25px 20px 0px #000000;;padding: 40px 40px 40px 40px;\"><span class=\" fusion-imageframe imageframe-none imageframe-2 hover-type-zoomin\"><a class=\"fusion-no-lightbox\" href=\"http:\/\/www.realestetik.com\/sac-ekimi\/\" target=\"_self\"><img decoding=\"async\" src=\"https:\/\/www.realestetik.com\/wp-content\/uploads\/2021\/11\/otelcilik-hizmetleri.jpg\" class=\"img-responsive\"\/><\/a><\/span><div class=\"fusion-sep-clear\"><\/div><div class=\"fusion-separator fusion-full-width-sep\" style=\"margin-left: auto;margin-right: auto;margin-top:20px;margin-bottom:20px;width:100%;\"><div class=\"fusion-separator-border sep-double\" style=\"border-color:#eaeaea;border-top-width:0px;border-bottom-width:0px;\"><\/div><\/div><div class=\"fusion-sep-clear\"><\/div><style type=\"text\/css\">@media only screen and (max-width:800px) {.fusion-title.fusion-title-3{margin-top:!important;margin-bottom:5px!important;}}<\/style><div class=\"fusion-title title fusion-title-3 fusion-sep-none fusion-title-center fusion-title-text fusion-title-size-two\" style=\"font-size:24px;margin-top:0%;margin-bottom:5px;\"><h2 class=\"title-heading-center\" style=\"margin:0;font-size:1em;color:#000000;\"><strong>Hotels Unterk\u00fcnfte<\/strong><\/h2><\/div><div class=\"fusion-text fusion-text-2\" style=\"transform:translate3d(0,0,0);\"><p style=\"text-align: center;\"><b>Als Real Aesthetics bieten wir Service in Istanbul an. Obwohl es Hunderte von Hotels gibt, die als Unterkunft in Istanbul ausgew\u00e4hlt werden k\u00f6nnen, ist es nicht einfach, Hotels mit Sauberkeit, Sicherheit, zentraler Lage und hoher Kundenzufriedenheit zu finden.<\/b><\/p>\n<p style=\"text-align: center;\"><b>Aus diesem Grund findet unser Unternehmen die besten Hotels f\u00fcr alle unsere G\u00e4ste, die f\u00fcr Gesundheits- und Sch\u00f6nheitsbehandlungen nach Istanbul kommen, und erm\u00f6glicht Ihnen einen sicheren Aufenthalt, indem Sie sie zum g\u00fcnstigsten Preis buchen.<\/b><\/p>\n<\/div><div class=\"fusion-sep-clear\"><\/div><div class=\"fusion-separator fusion-full-width-sep\" style=\"margin-left: auto;margin-right: auto;margin-top:20px;margin-bottom:20px;width:100%;\"><div class=\"fusion-separator-border sep-double\" style=\"border-color:#eaeaea;border-top-width:0px;border-bottom-width:0px;\"><\/div><\/div><div class=\"fusion-sep-clear\"><\/div><div class=\"fusion-clearfix\"><\/div><\/div><\/div><div class=\"fusion-layout-column fusion_builder_column fusion-builder-column-3 fusion_builder_column_1_3 1_3 fusion-one-third fusion-column-no-min-height fusion-animated\" style=\"width:33.333333333333%;width:calc(33.333333333333% - ( ( 10px + 10px ) * 0.33333333333333 ) );margin-right: 10px;margin-top:0px;margin-bottom:20px;\" data-animationType=\"zoomInDown\" data-animationDuration=\"1.0\" data-animationOffset=\"100%\"><div class=\"fusion-column-wrapper fusion-column-has-shadow fusion-flex-column-wrapper-legacy\" style=\"background-position:left top;background-repeat:no-repeat;-webkit-background-size:cover;-moz-background-size:cover;-o-background-size:cover;background-size:cover;border-radius:10px 10px 10px 10px;background-color:#ffffff;border-width: 6px 0 0 0;border-color:#ff9800;border-style:solid;border-radius:10px 10px 10px 10px;overflow:hidden;box-shadow:0px 25px 20px 0px #000000;;padding: 40px 40px 40px 40px;\"><span class=\" fusion-imageframe imageframe-none imageframe-3 hover-type-zoomin\"><a class=\"fusion-no-lightbox\" href=\"http:\/\/www.realestetik.com\/kas-ekimi-nedir-hangi-durumlarda-yapilir\/\" target=\"_self\"><img decoding=\"async\" src=\"https:\/\/www.realestetik.com\/wp-content\/uploads\/2021\/11\/ucak-bileti-1.jpg\" class=\"img-responsive\"\/><\/a><\/span><div class=\"fusion-sep-clear\"><\/div><div class=\"fusion-separator fusion-full-width-sep\" style=\"margin-left: auto;margin-right: auto;margin-top:20px;margin-bottom:20px;width:100%;\"><div class=\"fusion-separator-border sep-double\" style=\"border-color:#eaeaea;border-top-width:0px;border-bottom-width:0px;\"><\/div><\/div><div class=\"fusion-sep-clear\"><\/div><style type=\"text\/css\">@media only screen and (max-width:800px) {.fusion-title.fusion-title-4{margin-top:!important;margin-bottom:5px!important;}}<\/style><div class=\"fusion-title title fusion-title-4 fusion-sep-none fusion-title-center fusion-title-text fusion-title-size-two\" style=\"font-size:24px;margin-top:0%;margin-bottom:5px;\"><h2 class=\"title-heading-center\" style=\"margin:0;font-size:1em;color:#000000;\"><strong>Flug- und Bus Tickets<\/strong><\/h2><\/div><div class=\"fusion-text fusion-text-3\" style=\"transform:translate3d(0,0,0);\"><p style=\"text-align: center;\"><b><i>Istanbul ist eine der gr\u00f6\u00dften Metropolregionen und es kann schwierig und unsicher sein, von einem Ort zum anderen zu gelangen. Derzeit holen wir als Real Aesthetic Health Tourism Company alle unsere G\u00e4ste vom Flughafen und Busbahnhof ab und bringen sie zum Hotel. Dar\u00fcber hinaus bieten wir ein reibungsloses und sicheres Erlebnis, indem wir alle Transporte zwischen Hotels, Kliniken und Krankenh\u00e4usern mit unseren Privatfahrzeugen anbieten. Somit sch\u00fctzen wir Sie vor allen Sorgen und Sorgen und sorgen f\u00fcr einen komfortablen Transport.<\/i><\/b><\/p>\n<\/div><div class=\"fusion-sep-clear\"><\/div><div class=\"fusion-separator fusion-full-width-sep\" style=\"margin-left: auto;margin-right: auto;margin-top:20px;margin-bottom:20px;width:100%;\"><div class=\"fusion-separator-border sep-double\" style=\"border-color:#eaeaea;border-top-width:0px;border-bottom-width:0px;\"><\/div><\/div><div class=\"fusion-sep-clear\"><\/div><div class=\"fusion-clearfix\"><\/div><\/div><\/div><div class=\"fusion-layout-column fusion_builder_column fusion-builder-column-4 fusion_builder_column_1_3 1_3 fusion-one-third fusion-column-last fusion-column-no-min-height fusion-animated\" style=\"width:33.333333333333%;width:calc(33.333333333333% - ( ( 10px + 10px ) * 0.33333333333333 ) );margin-top:0px;margin-bottom:20px;\" data-animationType=\"slideInRight\" data-animationDuration=\"1.0\" data-animationOffset=\"100%\"><div class=\"fusion-column-wrapper fusion-column-has-shadow fusion-flex-column-wrapper-legacy\" style=\"background-position:left top;background-repeat:no-repeat;-webkit-background-size:cover;-moz-background-size:cover;-o-background-size:cover;background-size:cover;border-radius:10px 10px 10px 10px;background-color:#ffffff;border-width: 6px 0 0 0;border-color:#ff9800;border-style:solid;border-radius:10px 10px 10px 10px;overflow:hidden;box-shadow:0px 25px 20px 0px #000000;;padding: 40px 40px 40px 40px;\"><span class=\" fusion-imageframe imageframe-none imageframe-4 hover-type-zoomin\"><a class=\"fusion-no-lightbox\" href=\"http:\/\/www.realestetik.com\/sakal-ekimi\/\" target=\"_self\"><img decoding=\"async\" src=\"https:\/\/www.realestetik.com\/wp-content\/uploads\/2021\/11\/havalimani-otel-transferi.jpg\" class=\"img-responsive\"\/><\/a><\/span><div class=\"fusion-sep-clear\"><\/div><div class=\"fusion-separator fusion-full-width-sep\" style=\"margin-left: auto;margin-right: auto;margin-top:20px;margin-bottom:20px;width:100%;\"><div class=\"fusion-separator-border sep-double\" style=\"border-color:#eaeaea;border-top-width:0px;border-bottom-width:0px;\"><\/div><\/div><div class=\"fusion-sep-clear\"><\/div><style type=\"text\/css\">@media only screen and (max-width:800px) {.fusion-title.fusion-title-5{margin-top:!important;margin-bottom:5px!important;}}<\/style><div class=\"fusion-title title fusion-title-5 fusion-sep-none fusion-title-center fusion-title-text fusion-title-size-two\" style=\"font-size:24px;margin-top:0%;margin-bottom:5px;\"><h2 class=\"title-heading-center\" style=\"margin:0;font-size:1em;color:#000000;\"><strong>Stadt Transferdienste<\/strong><\/h2><\/div><div class=\"fusion-text fusion-text-4\" style=\"transform:translate3d(0,0,0);\"><p style=\"text-align: center;\">Istanbul ist eine der gr\u00f6\u00dften Metropolregionen und es kann schwierig und unsicher sein, von einem Ort zum anderen zu gelangen. Derzeit holen wir als Real Aesthetic Health Tourism Company alle unsere G\u00e4ste vom Flughafen und Busbahnhof ab und bringen sie zum Hotel. Dar\u00fcber hinaus bieten wir ein reibungsloses und sicheres Erlebnis, indem wir alle Transporte zwischen Hotels, Kliniken und Krankenh\u00e4usern mit unseren Privatfahrzeugen anbieten. Somit sch\u00fctzen wir Sie vor allen Sorgen und Sorgen und sorgen f\u00fcr einen komfortablen Transport.<\/p>\n<\/div><div class=\"fusion-sep-clear\"><\/div><div class=\"fusion-separator fusion-full-width-sep\" style=\"margin-left: auto;margin-right: auto;margin-top:20px;margin-bottom:20px;width:100%;\"><div class=\"fusion-separator-border sep-double\" style=\"border-color:#eaeaea;border-top-width:0px;border-bottom-width:0px;\"><\/div><\/div><div class=\"fusion-sep-clear\"><\/div><div class=\"fusion-clearfix\"><\/div><\/div><\/div><\/div><\/div><\/p>\n","protected":false},"excerpt":{"rendered":"","protected":false},"author":2,"featured_media":0,"parent":0,"menu_order":0,"comment_status":"closed","ping_status":"closed","template":"","meta":{"footnotes":""},"class_list":["post-1346","page","type-page","status-publish","hentry"],"yoast_head":"<!-- This site is optimized with the Yoast SEO plugin v27.1.1 - https:\/\/yoast.com\/product\/yoast-seo-wordpress\/ -->\n<title>Gesundheitstourismus in der T\u00fcrkei - realestetik de<\/title>\n<meta name=\"description\" content=\"Real Aesthetics wurde gegr\u00fcndet, um denjenigen, die allgemeine Gesundheitsprobleme im Rahmen des Gesundheitstourismus haben oder die aus rein \u00e4sthetischen Gr\u00fcnden Gesundheitsdienstleistungen in der T\u00fcrkei\" \/>\n<meta name=\"robots\" content=\"index, follow, max-snippet:-1, max-image-preview:large, max-video-preview:-1\" \/>\n<link rel=\"canonical\" href=\"https:\/\/www.realestetik.com\/de\/gesundheitstourismus-in-der-turkei\/\" \/>\n<meta property=\"og:locale\" content=\"tr_TR\" \/>\n<meta property=\"og:type\" content=\"article\" \/>\n<meta property=\"og:title\" content=\"Gesundheitstourismus in der T\u00fcrkei - realestetik de\" \/>\n<meta property=\"og:description\" content=\"Real Aesthetics wurde gegr\u00fcndet, um denjenigen, die allgemeine Gesundheitsprobleme im Rahmen des Gesundheitstourismus haben oder die aus rein \u00e4sthetischen Gr\u00fcnden Gesundheitsdienstleistungen in der T\u00fcrkei\" \/>\n<meta property=\"og:url\" content=\"https:\/\/www.realestetik.com\/de\/gesundheitstourismus-in-der-turkei\/\" \/>\n<meta property=\"og:site_name\" content=\"realestetik de\" \/>\n<meta property=\"article:modified_time\" content=\"2022-09-19T18:01:31+00:00\" \/>\n<meta name=\"twitter:card\" content=\"summary_large_image\" \/>\n<meta name=\"twitter:label1\" content=\"Tahmini okuma s\u00fcresi\" \/>\n\t<meta name=\"twitter:data1\" content=\"12 dakika\" \/>\n<script type=\"application\/ld+json\" class=\"yoast-schema-graph\">{\"@context\":\"https:\/\/schema.org\",\"@graph\":[{\"@type\":\"WebPage\",\"@id\":\"https:\/\/www.realestetik.com\/de\/gesundheitstourismus-in-der-turkei\/\",\"url\":\"https:\/\/www.realestetik.com\/de\/gesundheitstourismus-in-der-turkei\/\",\"name\":\"Gesundheitstourismus in der T\u00fcrkei - realestetik de\",\"isPartOf\":{\"@id\":\"https:\/\/www.realestetik.com\/de\/#website\"},\"datePublished\":\"2021-11-03T00:40:59+00:00\",\"dateModified\":\"2022-09-19T18:01:31+00:00\",\"description\":\"Real Aesthetics wurde gegr\u00fcndet, um denjenigen, die allgemeine Gesundheitsprobleme im Rahmen des Gesundheitstourismus haben oder die aus rein \u00e4sthetischen Gr\u00fcnden Gesundheitsdienstleistungen in der T\u00fcrkei\",\"breadcrumb\":{\"@id\":\"https:\/\/www.realestetik.com\/de\/gesundheitstourismus-in-der-turkei\/#breadcrumb\"},\"inLanguage\":\"tr\",\"potentialAction\":[{\"@type\":\"ReadAction\",\"target\":[\"https:\/\/www.realestetik.com\/de\/gesundheitstourismus-in-der-turkei\/\"]}]},{\"@type\":\"BreadcrumbList\",\"@id\":\"https:\/\/www.realestetik.com\/de\/gesundheitstourismus-in-der-turkei\/#breadcrumb\",\"itemListElement\":[{\"@type\":\"ListItem\",\"position\":1,\"name\":\"Anasayfa\",\"item\":\"https:\/\/www.realestetik.com\/de\/\"},{\"@type\":\"ListItem\",\"position\":2,\"name\":\"Gesundheitstourismus in der T\u00fcrkei\"}]},{\"@type\":\"WebSite\",\"@id\":\"https:\/\/www.realestetik.com\/de\/#website\",\"url\":\"https:\/\/www.realestetik.com\/de\/\",\"name\":\"realestetik de\",\"description\":\"realestetik de\",\"potentialAction\":[{\"@type\":\"SearchAction\",\"target\":{\"@type\":\"EntryPoint\",\"urlTemplate\":\"https:\/\/www.realestetik.com\/de\/?s={search_term_string}\"},\"query-input\":{\"@type\":\"PropertyValueSpecification\",\"valueRequired\":true,\"valueName\":\"search_term_string\"}}],\"inLanguage\":\"tr\"}]}<\/script>\n<!-- \/ Yoast SEO plugin. -->","yoast_head_json":{"title":"Gesundheitstourismus in der T\u00fcrkei - realestetik de","description":"Real Aesthetics wurde gegr\u00fcndet, um denjenigen, die allgemeine Gesundheitsprobleme im Rahmen des Gesundheitstourismus haben oder die aus rein \u00e4sthetischen Gr\u00fcnden Gesundheitsdienstleistungen in der T\u00fcrkei","robots":{"index":"index","follow":"follow","max-snippet":"max-snippet:-1","max-image-preview":"max-image-preview:large","max-video-preview":"max-video-preview:-1"},"canonical":"https:\/\/www.realestetik.com\/de\/gesundheitstourismus-in-der-turkei\/","og_locale":"tr_TR","og_type":"article","og_title":"Gesundheitstourismus in der T\u00fcrkei - realestetik de","og_description":"Real Aesthetics wurde gegr\u00fcndet, um denjenigen, die allgemeine Gesundheitsprobleme im Rahmen des Gesundheitstourismus haben oder die aus rein \u00e4sthetischen Gr\u00fcnden Gesundheitsdienstleistungen in der T\u00fcrkei","og_url":"https:\/\/www.realestetik.com\/de\/gesundheitstourismus-in-der-turkei\/","og_site_name":"realestetik de","article_modified_time":"2022-09-19T18:01:31+00:00","twitter_card":"summary_large_image","twitter_misc":{"Tahmini okuma s\u00fcresi":"12 dakika"},"schema":{"@context":"https:\/\/schema.org","@graph":[{"@type":"WebPage","@id":"https:\/\/www.realestetik.com\/de\/gesundheitstourismus-in-der-turkei\/","url":"https:\/\/www.realestetik.com\/de\/gesundheitstourismus-in-der-turkei\/","name":"Gesundheitstourismus in der T\u00fcrkei - realestetik de","isPartOf":{"@id":"https:\/\/www.realestetik.com\/de\/#website"},"datePublished":"2021-11-03T00:40:59+00:00","dateModified":"2022-09-19T18:01:31+00:00","description":"Real Aesthetics wurde gegr\u00fcndet, um denjenigen, die allgemeine Gesundheitsprobleme im Rahmen des Gesundheitstourismus haben oder die aus rein \u00e4sthetischen Gr\u00fcnden Gesundheitsdienstleistungen in der T\u00fcrkei","breadcrumb":{"@id":"https:\/\/www.realestetik.com\/de\/gesundheitstourismus-in-der-turkei\/#breadcrumb"},"inLanguage":"tr","potentialAction":[{"@type":"ReadAction","target":["https:\/\/www.realestetik.com\/de\/gesundheitstourismus-in-der-turkei\/"]}]},{"@type":"BreadcrumbList","@id":"https:\/\/www.realestetik.com\/de\/gesundheitstourismus-in-der-turkei\/#breadcrumb","itemListElement":[{"@type":"ListItem","position":1,"name":"Anasayfa","item":"https:\/\/www.realestetik.com\/de\/"},{"@type":"ListItem","position":2,"name":"Gesundheitstourismus in der T\u00fcrkei"}]},{"@type":"WebSite","@id":"https:\/\/www.realestetik.com\/de\/#website","url":"https:\/\/www.realestetik.com\/de\/","name":"realestetik de","description":"realestetik de","potentialAction":[{"@type":"SearchAction","target":{"@type":"EntryPoint","urlTemplate":"https:\/\/www.realestetik.com\/de\/?s={search_term_string}"},"query-input":{"@type":"PropertyValueSpecification","valueRequired":true,"valueName":"search_term_string"}}],"inLanguage":"tr"}]}},"_links":{"self":[{"href":"https:\/\/www.realestetik.com\/de\/wp-json\/wp\/v2\/pages\/1346","targetHints":{"allow":["GET"]}}],"collection":[{"href":"https:\/\/www.realestetik.com\/de\/wp-json\/wp\/v2\/pages"}],"about":[{"href":"https:\/\/www.realestetik.com\/de\/wp-json\/wp\/v2\/types\/page"}],"author":[{"embeddable":true,"href":"https:\/\/www.realestetik.com\/de\/wp-json\/wp\/v2\/users\/2"}],"replies":[{"embeddable":true,"href":"https:\/\/www.realestetik.com\/de\/wp-json\/wp\/v2\/comments?post=1346"}],"version-history":[{"count":4,"href":"https:\/\/www.realestetik.com\/de\/wp-json\/wp\/v2\/pages\/1346\/revisions"}],"predecessor-version":[{"id":1399,"href":"https:\/\/www.realestetik.com\/de\/wp-json\/wp\/v2\/pages\/1346\/revisions\/1399"}],"wp:attachment":[{"href":"https:\/\/www.realestetik.com\/de\/wp-json\/wp\/v2\/media?parent=1346"}],"curies":[{"name":"wp","href":"https:\/\/api.w.org\/{rel}","templated":true}]}}